{"id":787,"date":"2017-01-23T19:01:48","date_gmt":"2017-01-23T17:01:48","guid":{"rendered":"https:\/\/www.valo24h.fi\/myyntipaikat\/"},"modified":"2026-01-26T15:42:04","modified_gmt":"2026-01-26T13:42:04","slug":"where-to-buy","status":"publish","type":"page","link":"https:\/\/www.valo24h.fi\/en\/where-to-buy\/","title":{"rendered":"Where to buy"},"content":{"rendered":"<div class=\"row\">\n<div class=\"medium-3 columns\">\n<p>&nbsp;<\/p>\n<\/div>\n<div class=\"medium-7 columns end\">\n<h2>You can find Valo24h products from all retail stores in Finland<\/h2>\n<p><a href=\"https:\/\/www.s-kaupat.fi\/hakutulokset?queryString=valo24h\">S-ryhm\u00e4<\/a><\/p>\n<p><a href=\"https:\/\/www.k-ruoka.fi\/kauppa\/tuotehaku?haku=valo24h\">K-ryhm\u00e4<\/a><\/p>\n<p>Halpa-Halli\u00a0 <a href=\"https:\/\/www.halpahalli.fi\/catalogsearch\/result\/?q=valo24h\">www.halpahalli.fi<\/a><\/p>\n<p>Minimani\u00a0 <a href=\"https:\/\/www.minimani.fi\/valo24h-pellava-mustikkarouhe-paahdettu-300-g.html\">www.minimani.fi<\/a><\/p>\n<p>Tokmanni <a href=\"https:\/\/www.tokmanni.fi\/\">www.tokmanni.fi<\/a><\/p>\n<p>Heinolan Heila <a href=\"https:\/\/heilan.fi\/\">www.heilan.fi\u00a0<\/a><\/p>\n<p>Lahden Kauppahalli <a href=\"https:\/\/lahdenkauppahalli.fi\/kauppiaat\/\">www.lahdenkauppahalli.fi<\/a><\/p>\n<p>K\u00e4rkk\u00e4inen <a href=\"https:\/\/www.karkkainen.com\/verkkokauppa\/valo24h\">www.karkkainen.com<\/a><a href=\"http:\/\/www.ekolo.fi\/\"><\/a><\/p>\n<p>Mall &amp; Mall -stores <a href=\"https:\/\/mallmall.fi\/\">www.mallmall.fi<\/a><\/p>\n<p>Hyvinvoinnin tavaratalo <a href=\"https:\/\/www.hyvinvoinnin.fi\/search?q=valo24h&amp;options%5Bprefix%5D=last\">www.hyvinvoinnin.fi<\/a><a href=\"https:\/\/www.hyvinvoinnin.fi\/search?q=valo24h&amp;options%5Bprefix%5D=last\"><br \/>\n<\/a>The Arctic Pure <a href=\"https:\/\/thearcticpure.com\/collections\/valo24h\">www.thearcticpure.com<\/a><\/p>\n<p>Ruohonjuuri\u00a0 <a href=\"https:\/\/www.ruohonjuuri.fi\/tuotemerkit\/valo24h\">www.ruohonjuuri.fi<\/a><\/p>\n<p>Veljekset Keskinen <a href=\"https:\/\/tuuri.fi\/\">www.tuuri.fi<\/a><\/p>\n<p>Virossa Prismoissa <a href=\"https:\/\/www.prismamarket.ee\/products\/search\/valo24h\">Prismamarket.ee<\/a><\/p>\n<p>Spain <a href=\"https:\/\/www.centronpuoti.com\/?s=valo24h&amp;post_type=product&amp;dgwt_wcas=1\">www.centronpuoti.com<\/a><\/p>\n<p>France <a href=\"https:\/\/www.nordictemptations.com\/\">\u00a0 www.nordictemptations.com<\/a><\/p>\n<p>Sweden <a href=\"https:\/\/www.happyfoodstore.se\/search\/?q=valo24h\">www.happyfoodstore.se<\/a><\/p>\n<p>Estonia <a href=\"https:\/\/www.prismamarket.ee\/products\/search\/valo24h\">Prismamarket.ee<\/a><\/p>\n<\/div>\n<\/div>\n<p>&nbsp;<\/p>\n","protected":false},"excerpt":{"rendered":"<p>&nbsp; You can find Valo24h products from all retail stores in Finland S-ryhm\u00e4 K-ryhm\u00e4 Halpa-Halli\u00a0 www.halpahalli.fi Minimani\u00a0 www.minimani.fi Tokmanni www.tokmanni.fi Heinolan Heila www.heilan.fi\u00a0 Lahden Kauppahalli www.lahdenkauppahalli.fi K\u00e4rkk\u00e4inen www.karkkainen.com Mall &amp; Mall -stores www.mallmall.fi Hyvinvoinnin tavaratalo www.hyvinvoinnin.fi The Arctic Pure www.thearcticpure.com Ruohonjuuri\u00a0 www.ruohonjuuri.fi Veljekset Keskinen www.tuuri.fi Virossa Prismoissa Prismamarket.ee Spain www.centronpuoti.com France \u00a0 www.nordictemptations.com Sweden www.happyfoodstore.se [&hellip;]<\/p>\n","protected":false},"author":1,"featured_media":580,"parent":0,"menu_order":0,"comment_status":"closed","ping_status":"closed","template":"","meta":{"_acf_changed":false,"footnotes":""},"class_list":["post-787","page","type-page","status-publish","has-post-thumbnail","hentry"],"acf":[],"yoast_head":"<!-- This site is optimized with the Yoast SEO plugin v27.4 - https:\/\/yoast.com\/product\/yoast-seo-wordpress\/ -->\n<title>Where to buy - Valo24h<\/title>\n<meta name=\"description\" content=\"You can find the tasty Valo24h roasted ground flaxseed products from all retail stores around Finland. Which one is your favorite?\" \/>\n<meta name=\"robots\" content=\"index, follow, max-snippet:-1, max-image-preview:large, max-video-preview:-1\" \/>\n<link rel=\"canonical\" href=\"https:\/\/www.valo24h.fi\/en\/where-to-buy\/\" \/>\n<meta property=\"og:locale\" content=\"en_US\" \/>\n<meta property=\"og:type\" content=\"article\" \/>\n<meta property=\"og:title\" content=\"Where to buy - Valo24h\" \/>\n<meta property=\"og:description\" content=\"You can find the tasty Valo24h roasted ground flaxseed products from all retail stores around Finland. Which one is your favorite?\" \/>\n<meta property=\"og:url\" content=\"https:\/\/www.valo24h.fi\/en\/where-to-buy\/\" \/>\n<meta property=\"og:site_name\" content=\"Valo24h\" \/>\n<meta property=\"article:publisher\" content=\"https:\/\/www.facebook.com\/valo24h\" \/>\n<meta property=\"article:modified_time\" content=\"2026-01-26T13:42:04+00:00\" \/>\n<meta property=\"og:image\" content=\"https:\/\/www.valo24h.fi\/wp-content\/uploads\/sites\/2\/2017\/02\/Valo24h-k\u00e4det-p\u00f6yt\u00e4.jpg\" \/>\n\t<meta property=\"og:image:width\" content=\"1600\" \/>\n\t<meta property=\"og:image:height\" content=\"800\" \/>\n\t<meta property=\"og:image:type\" content=\"image\/jpeg\" \/>\n<meta name=\"twitter:card\" content=\"summary_large_image\" \/>\n<meta name=\"twitter:site\" content=\"@valo24h_linseed\" \/>\n<meta name=\"twitter:label1\" content=\"Est. reading time\" \/>\n\t<meta name=\"twitter:data1\" content=\"1 minute\" \/>\n<script type=\"application\/ld+json\" class=\"yoast-schema-graph\">{\"@context\":\"https:\\\/\\\/schema.org\",\"@graph\":[{\"@type\":\"WebPage\",\"@id\":\"https:\\\/\\\/www.valo24h.fi\\\/en\\\/where-to-buy\\\/\",\"url\":\"https:\\\/\\\/www.valo24h.fi\\\/en\\\/where-to-buy\\\/\",\"name\":\"Where to buy - Valo24h\",\"isPartOf\":{\"@id\":\"https:\\\/\\\/www.valo24h.fi\\\/#website\"},\"primaryImageOfPage\":{\"@id\":\"https:\\\/\\\/www.valo24h.fi\\\/en\\\/where-to-buy\\\/#primaryimage\"},\"image\":{\"@id\":\"https:\\\/\\\/www.valo24h.fi\\\/en\\\/where-to-buy\\\/#primaryimage\"},\"thumbnailUrl\":\"https:\\\/\\\/www.valo24h.fi\\\/wp-content\\\/uploads\\\/sites\\\/2\\\/2017\\\/02\\\/Valo24h-k\u00e4det-p\u00f6yt\u00e4.jpg\",\"datePublished\":\"2017-01-23T17:01:48+00:00\",\"dateModified\":\"2026-01-26T13:42:04+00:00\",\"description\":\"You can find the tasty Valo24h roasted ground flaxseed products from all retail stores around Finland. Which one is your favorite?\",\"breadcrumb\":{\"@id\":\"https:\\\/\\\/www.valo24h.fi\\\/en\\\/where-to-buy\\\/#breadcrumb\"},\"inLanguage\":\"en-US\",\"potentialAction\":[{\"@type\":\"ReadAction\",\"target\":[\"https:\\\/\\\/www.valo24h.fi\\\/en\\\/where-to-buy\\\/\"]}]},{\"@type\":\"ImageObject\",\"inLanguage\":\"en-US\",\"@id\":\"https:\\\/\\\/www.valo24h.fi\\\/en\\\/where-to-buy\\\/#primaryimage\",\"url\":\"https:\\\/\\\/www.valo24h.fi\\\/wp-content\\\/uploads\\\/sites\\\/2\\\/2017\\\/02\\\/Valo24h-k\u00e4det-p\u00f6yt\u00e4.jpg\",\"contentUrl\":\"https:\\\/\\\/www.valo24h.fi\\\/wp-content\\\/uploads\\\/sites\\\/2\\\/2017\\\/02\\\/Valo24h-k\u00e4det-p\u00f6yt\u00e4.jpg\",\"width\":1600,\"height\":800},{\"@type\":\"BreadcrumbList\",\"@id\":\"https:\\\/\\\/www.valo24h.fi\\\/en\\\/where-to-buy\\\/#breadcrumb\",\"itemListElement\":[{\"@type\":\"ListItem\",\"position\":1,\"name\":\"Home\",\"item\":\"https:\\\/\\\/www.valo24h.fi\\\/en\\\/\"},{\"@type\":\"ListItem\",\"position\":2,\"name\":\"Where to buy\"}]},{\"@type\":\"WebSite\",\"@id\":\"https:\\\/\\\/www.valo24h.fi\\\/#website\",\"url\":\"https:\\\/\\\/www.valo24h.fi\\\/\",\"name\":\"Valo24h\",\"description\":\"\",\"publisher\":{\"@id\":\"https:\\\/\\\/www.valo24h.fi\\\/#organization\"},\"potentialAction\":[{\"@type\":\"SearchAction\",\"target\":{\"@type\":\"EntryPoint\",\"urlTemplate\":\"https:\\\/\\\/www.valo24h.fi\\\/?s={search_term_string}\"},\"query-input\":{\"@type\":\"PropertyValueSpecification\",\"valueRequired\":true,\"valueName\":\"search_term_string\"}}],\"inLanguage\":\"en-US\"},{\"@type\":\"Organization\",\"@id\":\"https:\\\/\\\/www.valo24h.fi\\\/#organization\",\"name\":\"Valo24h\",\"url\":\"https:\\\/\\\/www.valo24h.fi\\\/\",\"logo\":{\"@type\":\"ImageObject\",\"inLanguage\":\"en-US\",\"@id\":\"https:\\\/\\\/www.valo24h.fi\\\/#\\\/schema\\\/logo\\\/image\\\/\",\"url\":\"https:\\\/\\\/www.valo24h.fi\\\/wp-content\\\/uploads\\\/sites\\\/2\\\/2025\\\/06\\\/Valo24h-tuotteet-kadet.jpg\",\"contentUrl\":\"https:\\\/\\\/www.valo24h.fi\\\/wp-content\\\/uploads\\\/sites\\\/2\\\/2025\\\/06\\\/Valo24h-tuotteet-kadet.jpg\",\"width\":1600,\"height\":650,\"caption\":\"Valo24h\"},\"image\":{\"@id\":\"https:\\\/\\\/www.valo24h.fi\\\/#\\\/schema\\\/logo\\\/image\\\/\"},\"sameAs\":[\"https:\\\/\\\/www.facebook.com\\\/valo24h\",\"https:\\\/\\\/x.com\\\/valo24h_linseed\",\"https:\\\/\\\/www.instagram.com\\\/Valo24h\\\/\"]}]}<\/script>\n<!-- \/ Yoast SEO plugin. -->","yoast_head_json":{"title":"Where to buy - Valo24h","description":"You can find the tasty Valo24h roasted ground flaxseed products from all retail stores around Finland. Which one is your favorite?","robots":{"index":"index","follow":"follow","max-snippet":"max-snippet:-1","max-image-preview":"max-image-preview:large","max-video-preview":"max-video-preview:-1"},"canonical":"https:\/\/www.valo24h.fi\/en\/where-to-buy\/","og_locale":"en_US","og_type":"article","og_title":"Where to buy - Valo24h","og_description":"You can find the tasty Valo24h roasted ground flaxseed products from all retail stores around Finland. Which one is your favorite?","og_url":"https:\/\/www.valo24h.fi\/en\/where-to-buy\/","og_site_name":"Valo24h","article_publisher":"https:\/\/www.facebook.com\/valo24h","article_modified_time":"2026-01-26T13:42:04+00:00","og_image":[{"width":1600,"height":800,"url":"https:\/\/www.valo24h.fi\/wp-content\/uploads\/sites\/2\/2017\/02\/Valo24h-k\u00e4det-p\u00f6yt\u00e4.jpg","type":"image\/jpeg"}],"twitter_card":"summary_large_image","twitter_site":"@valo24h_linseed","twitter_misc":{"Est. reading time":"1 minute"},"schema":{"@context":"https:\/\/schema.org","@graph":[{"@type":"WebPage","@id":"https:\/\/www.valo24h.fi\/en\/where-to-buy\/","url":"https:\/\/www.valo24h.fi\/en\/where-to-buy\/","name":"Where to buy - Valo24h","isPartOf":{"@id":"https:\/\/www.valo24h.fi\/#website"},"primaryImageOfPage":{"@id":"https:\/\/www.valo24h.fi\/en\/where-to-buy\/#primaryimage"},"image":{"@id":"https:\/\/www.valo24h.fi\/en\/where-to-buy\/#primaryimage"},"thumbnailUrl":"https:\/\/www.valo24h.fi\/wp-content\/uploads\/sites\/2\/2017\/02\/Valo24h-k\u00e4det-p\u00f6yt\u00e4.jpg","datePublished":"2017-01-23T17:01:48+00:00","dateModified":"2026-01-26T13:42:04+00:00","description":"You can find the tasty Valo24h roasted ground flaxseed products from all retail stores around Finland. Which one is your favorite?","breadcrumb":{"@id":"https:\/\/www.valo24h.fi\/en\/where-to-buy\/#breadcrumb"},"inLanguage":"en-US","potentialAction":[{"@type":"ReadAction","target":["https:\/\/www.valo24h.fi\/en\/where-to-buy\/"]}]},{"@type":"ImageObject","inLanguage":"en-US","@id":"https:\/\/www.valo24h.fi\/en\/where-to-buy\/#primaryimage","url":"https:\/\/www.valo24h.fi\/wp-content\/uploads\/sites\/2\/2017\/02\/Valo24h-k\u00e4det-p\u00f6yt\u00e4.jpg","contentUrl":"https:\/\/www.valo24h.fi\/wp-content\/uploads\/sites\/2\/2017\/02\/Valo24h-k\u00e4det-p\u00f6yt\u00e4.jpg","width":1600,"height":800},{"@type":"BreadcrumbList","@id":"https:\/\/www.valo24h.fi\/en\/where-to-buy\/#breadcrumb","itemListElement":[{"@type":"ListItem","position":1,"name":"Home","item":"https:\/\/www.valo24h.fi\/en\/"},{"@type":"ListItem","position":2,"name":"Where to buy"}]},{"@type":"WebSite","@id":"https:\/\/www.valo24h.fi\/#website","url":"https:\/\/www.valo24h.fi\/","name":"Valo24h","description":"","publisher":{"@id":"https:\/\/www.valo24h.fi\/#organization"},"potentialAction":[{"@type":"SearchAction","target":{"@type":"EntryPoint","urlTemplate":"https:\/\/www.valo24h.fi\/?s={search_term_string}"},"query-input":{"@type":"PropertyValueSpecification","valueRequired":true,"valueName":"search_term_string"}}],"inLanguage":"en-US"},{"@type":"Organization","@id":"https:\/\/www.valo24h.fi\/#organization","name":"Valo24h","url":"https:\/\/www.valo24h.fi\/","logo":{"@type":"ImageObject","inLanguage":"en-US","@id":"https:\/\/www.valo24h.fi\/#\/schema\/logo\/image\/","url":"https:\/\/www.valo24h.fi\/wp-content\/uploads\/sites\/2\/2025\/06\/Valo24h-tuotteet-kadet.jpg","contentUrl":"https:\/\/www.valo24h.fi\/wp-content\/uploads\/sites\/2\/2025\/06\/Valo24h-tuotteet-kadet.jpg","width":1600,"height":650,"caption":"Valo24h"},"image":{"@id":"https:\/\/www.valo24h.fi\/#\/schema\/logo\/image\/"},"sameAs":["https:\/\/www.facebook.com\/valo24h","https:\/\/x.com\/valo24h_linseed","https:\/\/www.instagram.com\/Valo24h\/"]}]}},"_links":{"self":[{"href":"https:\/\/www.valo24h.fi\/en\/wp-json\/wp\/v2\/pages\/787","targetHints":{"allow":["GET"]}}],"collection":[{"href":"https:\/\/www.valo24h.fi\/en\/wp-json\/wp\/v2\/pages"}],"about":[{"href":"https:\/\/www.valo24h.fi\/en\/wp-json\/wp\/v2\/types\/page"}],"author":[{"embeddable":true,"href":"https:\/\/www.valo24h.fi\/en\/wp-json\/wp\/v2\/users\/1"}],"replies":[{"embeddable":true,"href":"https:\/\/www.valo24h.fi\/en\/wp-json\/wp\/v2\/comments?post=787"}],"version-history":[{"count":10,"href":"https:\/\/www.valo24h.fi\/en\/wp-json\/wp\/v2\/pages\/787\/revisions"}],"predecessor-version":[{"id":1799,"href":"https:\/\/www.valo24h.fi\/en\/wp-json\/wp\/v2\/pages\/787\/revisions\/1799"}],"wp:featuredmedia":[{"embeddable":true,"href":"https:\/\/www.valo24h.fi\/en\/wp-json\/wp\/v2\/media\/580"}],"wp:attachment":[{"href":"https:\/\/www.valo24h.fi\/en\/wp-json\/wp\/v2\/media?parent=787"}],"curies":[{"name":"wp","href":"https:\/\/api.w.org\/{rel}","templated":true}]}}