{"id":1523,"date":"2024-09-18T14:02:55","date_gmt":"2024-09-18T11:02:55","guid":{"rendered":"https:\/\/www.valo24h.fi\/?page_id=1523\/"},"modified":"2025-11-21T14:26:42","modified_gmt":"2025-11-21T12:26:42","slug":"mellanmal","status":"publish","type":"page","link":"https:\/\/www.valo24h.fi\/sv\/mellanmal\/","title":{"rendered":"Mellanm\u00e5l"},"content":{"rendered":"    <div class=\"grid-tuotteet\">\n                <div class=\"grid-tuote\">\n                <a href=\"https:\/\/www.valo24h.fi\/sv\/tuote\/valo24h-banan-blabar-mellanmal\/\">\n                                                                    <img loading=\"lazy\" decoding=\"async\" width=\"261\" height=\"400\" src=\"https:\/\/www.valo24h.fi\/wp-content\/uploads\/sites\/2\/2024\/08\/Valo24h-banaani-mustikka-valipala-261x400.png\" class=\"attachment-medium size-medium\" alt=\"Valo24h banaani-mustikka v\u00e4lipala\" title=\"Valo24h banaani-mustikka v\u00e4lipala\" srcset=\"https:\/\/www.valo24h.fi\/wp-content\/uploads\/sites\/2\/2024\/08\/Valo24h-banaani-mustikka-valipala-261x400.png 261w, https:\/\/www.valo24h.fi\/wp-content\/uploads\/sites\/2\/2024\/08\/Valo24h-banaani-mustikka-valipala-457x700.png 457w, https:\/\/www.valo24h.fi\/wp-content\/uploads\/sites\/2\/2024\/08\/Valo24h-banaani-mustikka-valipala-768x1176.png 768w, https:\/\/www.valo24h.fi\/wp-content\/uploads\/sites\/2\/2024\/08\/Valo24h-banaani-mustikka-valipala-653x1000.png 653w, https:\/\/www.valo24h.fi\/wp-content\/uploads\/sites\/2\/2024\/08\/Valo24h-banaani-mustikka-valipala-523x800.png 523w, https:\/\/www.valo24h.fi\/wp-content\/uploads\/sites\/2\/2024\/08\/Valo24h-banaani-mustikka-valipala.png 972w\" sizes=\"auto, (max-width: 261px) 100vw, 261px\" \/>                                        <h3>Valo24h banan-bl\u00e5b\u00e4r mellanm\u00e5l<\/h3>\n                <\/a>\n            <\/div>    \n              <div class=\"grid-tuote\">\n                <a href=\"https:\/\/www.valo24h.fi\/sv\/tuote\/valo24h-dadel-kakao\/\">\n                                                                    <img loading=\"lazy\" decoding=\"async\" width=\"261\" height=\"400\" src=\"https:\/\/www.valo24h.fi\/wp-content\/uploads\/sites\/2\/2024\/08\/Valo24h-taateli-kaakao-valipala-261x400.png\" class=\"attachment-medium size-medium\" alt=\"Valo24h taateli-kaakao v\u00e4lipala\" title=\"Valo24h taateli-kaakao v\u00e4lipala\" srcset=\"https:\/\/www.valo24h.fi\/wp-content\/uploads\/sites\/2\/2024\/08\/Valo24h-taateli-kaakao-valipala-261x400.png 261w, https:\/\/www.valo24h.fi\/wp-content\/uploads\/sites\/2\/2024\/08\/Valo24h-taateli-kaakao-valipala-457x700.png 457w, https:\/\/www.valo24h.fi\/wp-content\/uploads\/sites\/2\/2024\/08\/Valo24h-taateli-kaakao-valipala-768x1176.png 768w, https:\/\/www.valo24h.fi\/wp-content\/uploads\/sites\/2\/2024\/08\/Valo24h-taateli-kaakao-valipala-653x1000.png 653w, https:\/\/www.valo24h.fi\/wp-content\/uploads\/sites\/2\/2024\/08\/Valo24h-taateli-kaakao-valipala-523x800.png 523w, https:\/\/www.valo24h.fi\/wp-content\/uploads\/sites\/2\/2024\/08\/Valo24h-taateli-kaakao-valipala.png 972w\" sizes=\"auto, (max-width: 261px) 100vw, 261px\" \/>                                        <h3>Valo24h dadel-kakao mellanm\u00e5l<\/h3>\n                <\/a>\n            <\/div>    \n      <\/div>\n    \n","protected":false},"excerpt":{"rendered":"","protected":false},"author":1,"featured_media":0,"parent":0,"menu_order":0,"comment_status":"closed","ping_status":"closed","template":"","meta":{"_acf_changed":false,"footnotes":""},"class_list":["post-1523","page","type-page","status-publish","hentry"],"acf":[],"yoast_head":"<!-- This site is optimized with the Yoast SEO plugin v27.4 - https:\/\/yoast.com\/product\/yoast-seo-wordpress\/ -->\n<title>Mellanm\u00e5l - Rostat krossat linfr\u00f6 - Valo24h<\/title>\n<meta name=\"robots\" content=\"index, follow, max-snippet:-1, max-image-preview:large, max-video-preview:-1\" \/>\n<link rel=\"canonical\" href=\"https:\/\/www.valo24h.fi\/sv\/mellanmal\/\" \/>\n<meta property=\"og:locale\" content=\"sv_SE\" \/>\n<meta property=\"og:type\" content=\"article\" \/>\n<meta property=\"og:title\" content=\"Mellanm\u00e5l - Rostat krossat linfr\u00f6 - Valo24h\" \/>\n<meta property=\"og:url\" content=\"https:\/\/www.valo24h.fi\/sv\/mellanmal\/\" \/>\n<meta property=\"og:site_name\" content=\"Valo24h\" \/>\n<meta property=\"article:publisher\" content=\"https:\/\/www.facebook.com\/valo24h\" \/>\n<meta property=\"article:modified_time\" content=\"2025-11-21T12:26:42+00:00\" \/>\n<meta name=\"twitter:card\" content=\"summary_large_image\" \/>\n<meta name=\"twitter:site\" content=\"@valo24h_linseed\" \/>\n<meta name=\"twitter:label1\" content=\"Ber\u00e4knad l\u00e4stid\" \/>\n\t<meta name=\"twitter:data1\" content=\"1 minut\" \/>\n<script type=\"application\/ld+json\" class=\"yoast-schema-graph\">{\"@context\":\"https:\\\/\\\/schema.org\",\"@graph\":[{\"@type\":\"WebPage\",\"@id\":\"https:\\\/\\\/www.valo24h.fi\\\/sv\\\/mellanmal\\\/\",\"url\":\"https:\\\/\\\/www.valo24h.fi\\\/sv\\\/mellanmal\\\/\",\"name\":\"Mellanm\u00e5l - Rostat krossat linfr\u00f6 - Valo24h\",\"isPartOf\":{\"@id\":\"https:\\\/\\\/www.valo24h.fi\\\/#website\"},\"datePublished\":\"2024-09-18T11:02:55+00:00\",\"dateModified\":\"2025-11-21T12:26:42+00:00\",\"breadcrumb\":{\"@id\":\"https:\\\/\\\/www.valo24h.fi\\\/sv\\\/mellanmal\\\/#breadcrumb\"},\"inLanguage\":\"sv-SE\",\"potentialAction\":[{\"@type\":\"ReadAction\",\"target\":[\"https:\\\/\\\/www.valo24h.fi\\\/sv\\\/mellanmal\\\/\"]}]},{\"@type\":\"BreadcrumbList\",\"@id\":\"https:\\\/\\\/www.valo24h.fi\\\/sv\\\/mellanmal\\\/#breadcrumb\",\"itemListElement\":[{\"@type\":\"ListItem\",\"position\":1,\"name\":\"Home\",\"item\":\"https:\\\/\\\/www.valo24h.fi\\\/sv\\\/\"},{\"@type\":\"ListItem\",\"position\":2,\"name\":\"Mellanm\u00e5l\"}]},{\"@type\":\"WebSite\",\"@id\":\"https:\\\/\\\/www.valo24h.fi\\\/#website\",\"url\":\"https:\\\/\\\/www.valo24h.fi\\\/\",\"name\":\"Valo24h\",\"description\":\"\",\"publisher\":{\"@id\":\"https:\\\/\\\/www.valo24h.fi\\\/#organization\"},\"potentialAction\":[{\"@type\":\"SearchAction\",\"target\":{\"@type\":\"EntryPoint\",\"urlTemplate\":\"https:\\\/\\\/www.valo24h.fi\\\/?s={search_term_string}\"},\"query-input\":{\"@type\":\"PropertyValueSpecification\",\"valueRequired\":true,\"valueName\":\"search_term_string\"}}],\"inLanguage\":\"sv-SE\"},{\"@type\":\"Organization\",\"@id\":\"https:\\\/\\\/www.valo24h.fi\\\/#organization\",\"name\":\"Valo24h\",\"url\":\"https:\\\/\\\/www.valo24h.fi\\\/\",\"logo\":{\"@type\":\"ImageObject\",\"inLanguage\":\"sv-SE\",\"@id\":\"https:\\\/\\\/www.valo24h.fi\\\/#\\\/schema\\\/logo\\\/image\\\/\",\"url\":\"https:\\\/\\\/www.valo24h.fi\\\/wp-content\\\/uploads\\\/sites\\\/2\\\/2025\\\/06\\\/Valo24h-tuotteet-kadet.jpg\",\"contentUrl\":\"https:\\\/\\\/www.valo24h.fi\\\/wp-content\\\/uploads\\\/sites\\\/2\\\/2025\\\/06\\\/Valo24h-tuotteet-kadet.jpg\",\"width\":1600,\"height\":650,\"caption\":\"Valo24h\"},\"image\":{\"@id\":\"https:\\\/\\\/www.valo24h.fi\\\/#\\\/schema\\\/logo\\\/image\\\/\"},\"sameAs\":[\"https:\\\/\\\/www.facebook.com\\\/valo24h\",\"https:\\\/\\\/x.com\\\/valo24h_linseed\",\"https:\\\/\\\/www.instagram.com\\\/Valo24h\\\/\"]}]}<\/script>\n<!-- \/ Yoast SEO plugin. -->","yoast_head_json":{"title":"Mellanm\u00e5l - Rostat krossat linfr\u00f6 - Valo24h","robots":{"index":"index","follow":"follow","max-snippet":"max-snippet:-1","max-image-preview":"max-image-preview:large","max-video-preview":"max-video-preview:-1"},"canonical":"https:\/\/www.valo24h.fi\/sv\/mellanmal\/","og_locale":"sv_SE","og_type":"article","og_title":"Mellanm\u00e5l - Rostat krossat linfr\u00f6 - Valo24h","og_url":"https:\/\/www.valo24h.fi\/sv\/mellanmal\/","og_site_name":"Valo24h","article_publisher":"https:\/\/www.facebook.com\/valo24h","article_modified_time":"2025-11-21T12:26:42+00:00","twitter_card":"summary_large_image","twitter_site":"@valo24h_linseed","twitter_misc":{"Ber\u00e4knad l\u00e4stid":"1 minut"},"schema":{"@context":"https:\/\/schema.org","@graph":[{"@type":"WebPage","@id":"https:\/\/www.valo24h.fi\/sv\/mellanmal\/","url":"https:\/\/www.valo24h.fi\/sv\/mellanmal\/","name":"Mellanm\u00e5l - Rostat krossat linfr\u00f6 - Valo24h","isPartOf":{"@id":"https:\/\/www.valo24h.fi\/#website"},"datePublished":"2024-09-18T11:02:55+00:00","dateModified":"2025-11-21T12:26:42+00:00","breadcrumb":{"@id":"https:\/\/www.valo24h.fi\/sv\/mellanmal\/#breadcrumb"},"inLanguage":"sv-SE","potentialAction":[{"@type":"ReadAction","target":["https:\/\/www.valo24h.fi\/sv\/mellanmal\/"]}]},{"@type":"BreadcrumbList","@id":"https:\/\/www.valo24h.fi\/sv\/mellanmal\/#breadcrumb","itemListElement":[{"@type":"ListItem","position":1,"name":"Home","item":"https:\/\/www.valo24h.fi\/sv\/"},{"@type":"ListItem","position":2,"name":"Mellanm\u00e5l"}]},{"@type":"WebSite","@id":"https:\/\/www.valo24h.fi\/#website","url":"https:\/\/www.valo24h.fi\/","name":"Valo24h","description":"","publisher":{"@id":"https:\/\/www.valo24h.fi\/#organization"},"potentialAction":[{"@type":"SearchAction","target":{"@type":"EntryPoint","urlTemplate":"https:\/\/www.valo24h.fi\/?s={search_term_string}"},"query-input":{"@type":"PropertyValueSpecification","valueRequired":true,"valueName":"search_term_string"}}],"inLanguage":"sv-SE"},{"@type":"Organization","@id":"https:\/\/www.valo24h.fi\/#organization","name":"Valo24h","url":"https:\/\/www.valo24h.fi\/","logo":{"@type":"ImageObject","inLanguage":"sv-SE","@id":"https:\/\/www.valo24h.fi\/#\/schema\/logo\/image\/","url":"https:\/\/www.valo24h.fi\/wp-content\/uploads\/sites\/2\/2025\/06\/Valo24h-tuotteet-kadet.jpg","contentUrl":"https:\/\/www.valo24h.fi\/wp-content\/uploads\/sites\/2\/2025\/06\/Valo24h-tuotteet-kadet.jpg","width":1600,"height":650,"caption":"Valo24h"},"image":{"@id":"https:\/\/www.valo24h.fi\/#\/schema\/logo\/image\/"},"sameAs":["https:\/\/www.facebook.com\/valo24h","https:\/\/x.com\/valo24h_linseed","https:\/\/www.instagram.com\/Valo24h\/"]}]}},"_links":{"self":[{"href":"https:\/\/www.valo24h.fi\/sv\/wp-json\/wp\/v2\/pages\/1523","targetHints":{"allow":["GET"]}}],"collection":[{"href":"https:\/\/www.valo24h.fi\/sv\/wp-json\/wp\/v2\/pages"}],"about":[{"href":"https:\/\/www.valo24h.fi\/sv\/wp-json\/wp\/v2\/types\/page"}],"author":[{"embeddable":true,"href":"https:\/\/www.valo24h.fi\/sv\/wp-json\/wp\/v2\/users\/1"}],"replies":[{"embeddable":true,"href":"https:\/\/www.valo24h.fi\/sv\/wp-json\/wp\/v2\/comments?post=1523"}],"version-history":[{"count":2,"href":"https:\/\/www.valo24h.fi\/sv\/wp-json\/wp\/v2\/pages\/1523\/revisions"}],"predecessor-version":[{"id":1534,"href":"https:\/\/www.valo24h.fi\/sv\/wp-json\/wp\/v2\/pages\/1523\/revisions\/1534"}],"wp:attachment":[{"href":"https:\/\/www.valo24h.fi\/sv\/wp-json\/wp\/v2\/media?parent=1523"}],"curies":[{"name":"wp","href":"https:\/\/api.w.org\/{rel}","templated":true}]}}