{"id":706,"date":"2017-01-18T12:25:02","date_gmt":"2017-01-18T10:25:02","guid":{"rendered":"https:\/\/www.valo24h.fi\/tuotteet\/"},"modified":"2025-11-24T10:21:00","modified_gmt":"2025-11-24T08:21:00","slug":"valo24h-rostat-krossat-linfro-produkter","status":"publish","type":"page","link":"https:\/\/www.valo24h.fi\/sv\/valo24h-rostat-krossat-linfro-produkter\/","title":{"rendered":"Rostat krossat linfr\u00f6"},"content":{"rendered":"    <div class=\"grid-tuotteet\">\n                <div class=\"grid-tuote\">\n                <a href=\"https:\/\/www.valo24h.fi\/sv\/tuote\/valo24h-rostat-krossat-linfro-blabar-2\/\">\n                                                                    <img loading=\"lazy\" decoding=\"async\" width=\"320\" height=\"400\" src=\"https:\/\/www.valo24h.fi\/wp-content\/uploads\/sites\/2\/2017\/01\/valo24h_mustikka-1-320x400.png\" class=\"attachment-medium size-medium\" alt=\"\" title=\"valo24h_mustikka\" srcset=\"https:\/\/www.valo24h.fi\/wp-content\/uploads\/sites\/2\/2017\/01\/valo24h_mustikka-1-320x400.png 320w, https:\/\/www.valo24h.fi\/wp-content\/uploads\/sites\/2\/2017\/01\/valo24h_mustikka-1.png 560w\" sizes=\"auto, (max-width: 320px) 100vw, 320px\" \/>                                        <h3>Valo24h  Rostat krossat linfr\u00f6 + bl\u00e5b\u00e4r<\/h3>\n                <\/a>\n            <\/div>    \n              <div class=\"grid-tuote\">\n                <a href=\"https:\/\/www.valo24h.fi\/sv\/tuote\/valo24h-rostat-krossat-linfro-2\/\">\n                                                                    <img loading=\"lazy\" decoding=\"async\" width=\"321\" height=\"400\" src=\"https:\/\/www.valo24h.fi\/wp-content\/uploads\/sites\/2\/2022\/08\/1561_linseed_0005_1-321x400.png\" class=\"attachment-medium size-medium\" alt=\"Valo24h luomu uusi pellavarouhe tuote\" title=\"1561_linseed_0005_1\" srcset=\"https:\/\/www.valo24h.fi\/wp-content\/uploads\/sites\/2\/2022\/08\/1561_linseed_0005_1-321x400.png 321w, https:\/\/www.valo24h.fi\/wp-content\/uploads\/sites\/2\/2022\/08\/1561_linseed_0005_1-561x700.png 561w, https:\/\/www.valo24h.fi\/wp-content\/uploads\/sites\/2\/2022\/08\/1561_linseed_0005_1-641x800.png 641w, https:\/\/www.valo24h.fi\/wp-content\/uploads\/sites\/2\/2022\/08\/1561_linseed_0005_1.png 650w\" sizes=\"auto, (max-width: 321px) 100vw, 321px\" \/>                                        <h3>Valo24h Rostat krossat linfr\u00f6 200g EKO<\/h3>\n                <\/a>\n            <\/div>    \n              <div class=\"grid-tuote\">\n                <a href=\"https:\/\/www.valo24h.fi\/sv\/tuote\/valo24h-rostat-krossat-linfro\/\">\n                                                                    <img loading=\"lazy\" decoding=\"async\" width=\"320\" height=\"400\" src=\"https:\/\/www.valo24h.fi\/wp-content\/uploads\/sites\/2\/2017\/01\/valo24h_pellava-1-320x400.png\" class=\"attachment-medium size-medium\" alt=\"\" title=\"valo24h_pellava\" srcset=\"https:\/\/www.valo24h.fi\/wp-content\/uploads\/sites\/2\/2017\/01\/valo24h_pellava-1-320x400.png 320w, https:\/\/www.valo24h.fi\/wp-content\/uploads\/sites\/2\/2017\/01\/valo24h_pellava-1.png 560w\" sizes=\"auto, (max-width: 320px) 100vw, 320px\" \/>                                        <h3>Valo24h Rostat krossat linfr\u00f6<\/h3>\n                <\/a>\n            <\/div>    \n              <div class=\"grid-tuote\">\n                <a href=\"https:\/\/www.valo24h.fi\/sv\/tuote\/valo24h-rostat-linfro\/\">\n                                                                    <img loading=\"lazy\" decoding=\"async\" width=\"320\" height=\"400\" src=\"https:\/\/www.valo24h.fi\/wp-content\/uploads\/sites\/2\/2017\/01\/valo24h_pellavansiemen-1-320x400.png\" class=\"attachment-medium size-medium\" alt=\"\" title=\"valo24h paahdettu pellavansiemen\" srcset=\"https:\/\/www.valo24h.fi\/wp-content\/uploads\/sites\/2\/2017\/01\/valo24h_pellavansiemen-1-320x400.png 320w, https:\/\/www.valo24h.fi\/wp-content\/uploads\/sites\/2\/2017\/01\/valo24h_pellavansiemen-1.png 560w\" sizes=\"auto, (max-width: 320px) 100vw, 320px\" \/>                                        <h3>Valo24h Rostat linfr\u00f6<\/h3>\n                <\/a>\n            <\/div>    \n              <div class=\"grid-tuote\">\n                <a href=\"https:\/\/www.valo24h.fi\/sv\/tuote\/valo24h-rostat-krossat-linfro-lingon-eko\/\">\n                                                                    <img loading=\"lazy\" decoding=\"async\" width=\"320\" height=\"400\" src=\"https:\/\/www.valo24h.fi\/wp-content\/uploads\/sites\/2\/2017\/01\/valo24h_puolukka-1-320x400.png\" class=\"attachment-medium size-medium\" alt=\"\" title=\"valo24h pellavarouhe pellavansiemen puolukka\" srcset=\"https:\/\/www.valo24h.fi\/wp-content\/uploads\/sites\/2\/2017\/01\/valo24h_puolukka-1-320x400.png 320w, https:\/\/www.valo24h.fi\/wp-content\/uploads\/sites\/2\/2017\/01\/valo24h_puolukka-1.png 560w\" sizes=\"auto, (max-width: 320px) 100vw, 320px\" \/>                                        <h3>Valo24h Rostat krossat linfr\u00f6 + lingon EKO<\/h3>\n                <\/a>\n            <\/div>    \n              <div class=\"grid-tuote\">\n                <a href=\"https:\/\/www.valo24h.fi\/sv\/tuote\/valo24h-rostat-krossat-linfro-havtorn\/\">\n                                                                    <img loading=\"lazy\" decoding=\"async\" width=\"320\" height=\"400\" src=\"https:\/\/www.valo24h.fi\/wp-content\/uploads\/sites\/2\/2017\/01\/valo24h_tyrni-1-320x400.png\" class=\"attachment-medium size-medium\" alt=\"\" title=\"valo24h paahdettu rouhittu pellava tyrni pellavarouhe\" srcset=\"https:\/\/www.valo24h.fi\/wp-content\/uploads\/sites\/2\/2017\/01\/valo24h_tyrni-1-320x400.png 320w, https:\/\/www.valo24h.fi\/wp-content\/uploads\/sites\/2\/2017\/01\/valo24h_tyrni-1.png 560w\" sizes=\"auto, (max-width: 320px) 100vw, 320px\" \/>                                        <h3>Valo24h Rostat krossat linfr\u00f6 + havtorn<\/h3>\n                <\/a>\n            <\/div>    \n              <div class=\"grid-tuote\">\n                <a href=\"https:\/\/www.valo24h.fi\/sv\/tuote\/lumina-froknacke-bakmix\/\">\n                                                                    <img loading=\"lazy\" decoding=\"async\" width=\"320\" height=\"400\" src=\"https:\/\/www.valo24h.fi\/wp-content\/uploads\/sites\/2\/2015\/06\/Lumina-Siemennakkarileivontaseos-png-320x400.png\" class=\"attachment-medium size-medium\" alt=\"Lumina Siemenn\u00e4kk\u00e4rileivontaseos pellavalla\" title=\"Lumina Siemenn\u00e4kk\u00e4rileivontaseos png\" srcset=\"https:\/\/www.valo24h.fi\/wp-content\/uploads\/sites\/2\/2015\/06\/Lumina-Siemennakkarileivontaseos-png-320x400.png 320w, https:\/\/www.valo24h.fi\/wp-content\/uploads\/sites\/2\/2015\/06\/Lumina-Siemennakkarileivontaseos-png-560x700.png 560w, https:\/\/www.valo24h.fi\/wp-content\/uploads\/sites\/2\/2015\/06\/Lumina-Siemennakkarileivontaseos-png-640x800.png 640w, https:\/\/www.valo24h.fi\/wp-content\/uploads\/sites\/2\/2015\/06\/Lumina-Siemennakkarileivontaseos-png.png 650w\" sizes=\"auto, (max-width: 320px) 100vw, 320px\" \/>                                        <h3>Lumina Fr\u00f6kn\u00e4cke bakmix<\/h3>\n                <\/a>\n            <\/div>    \n              <div class=\"grid-tuote\">\n                <a href=\"https:\/\/www.valo24h.fi\/sv\/tuote\/valo24h-rostat-krossat-linfro-hallon-granatapple\/\">\n                                                                    <img loading=\"lazy\" decoding=\"async\" width=\"320\" height=\"400\" src=\"https:\/\/www.valo24h.fi\/wp-content\/uploads\/sites\/2\/2019\/08\/Valo24h-paahdettu-rouhittu-pellava-vadelma-granaattiomena-png-min-1-e1655966074582-320x400.png\" class=\"attachment-medium size-medium\" alt=\"pellavarouhe pellavansiemen kotimainen pellavansiemenrouhe\" title=\"Valo24h paahdettu rouhittu pellava vadelma-granaattiomena\" srcset=\"https:\/\/www.valo24h.fi\/wp-content\/uploads\/sites\/2\/2019\/08\/Valo24h-paahdettu-rouhittu-pellava-vadelma-granaattiomena-png-min-1-e1655966074582-320x400.png 320w, https:\/\/www.valo24h.fi\/wp-content\/uploads\/sites\/2\/2019\/08\/Valo24h-paahdettu-rouhittu-pellava-vadelma-granaattiomena-png-min-1-e1655966074582-560x700.png 560w, https:\/\/www.valo24h.fi\/wp-content\/uploads\/sites\/2\/2019\/08\/Valo24h-paahdettu-rouhittu-pellava-vadelma-granaattiomena-png-min-1-e1655966074582.png 579w\" sizes=\"auto, (max-width: 320px) 100vw, 320px\" \/>                                        <h3>Valo24h Rostat krossat linfr\u00f6 + hallon-granat\u00e4pple<\/h3>\n                <\/a>\n            <\/div>    \n      <\/div>\n    \n<h3 style=\"text-align: center\">Mellanm\u00e5l<\/h3>\n    <div class=\"grid-tuotteet\">\n                <div class=\"grid-tuote\">\n                <a href=\"https:\/\/www.valo24h.fi\/sv\/tuote\/valo24h-banan-blabar-mellanmal\/\">\n                                                                    <img loading=\"lazy\" decoding=\"async\" width=\"261\" height=\"400\" src=\"https:\/\/www.valo24h.fi\/wp-content\/uploads\/sites\/2\/2024\/08\/Valo24h-banaani-mustikka-valipala-261x400.png\" class=\"attachment-medium size-medium\" alt=\"Valo24h banaani-mustikka v\u00e4lipala\" title=\"Valo24h banaani-mustikka v\u00e4lipala\" srcset=\"https:\/\/www.valo24h.fi\/wp-content\/uploads\/sites\/2\/2024\/08\/Valo24h-banaani-mustikka-valipala-261x400.png 261w, https:\/\/www.valo24h.fi\/wp-content\/uploads\/sites\/2\/2024\/08\/Valo24h-banaani-mustikka-valipala-457x700.png 457w, https:\/\/www.valo24h.fi\/wp-content\/uploads\/sites\/2\/2024\/08\/Valo24h-banaani-mustikka-valipala-768x1176.png 768w, https:\/\/www.valo24h.fi\/wp-content\/uploads\/sites\/2\/2024\/08\/Valo24h-banaani-mustikka-valipala-653x1000.png 653w, https:\/\/www.valo24h.fi\/wp-content\/uploads\/sites\/2\/2024\/08\/Valo24h-banaani-mustikka-valipala-523x800.png 523w, https:\/\/www.valo24h.fi\/wp-content\/uploads\/sites\/2\/2024\/08\/Valo24h-banaani-mustikka-valipala.png 972w\" sizes=\"auto, (max-width: 261px) 100vw, 261px\" \/>                                        <h3>Valo24h banan-bl\u00e5b\u00e4r mellanm\u00e5l<\/h3>\n                <\/a>\n            <\/div>    \n              <div class=\"grid-tuote\">\n                <a href=\"https:\/\/www.valo24h.fi\/sv\/tuote\/valo24h-dadel-kakao\/\">\n                                                                    <img loading=\"lazy\" decoding=\"async\" width=\"261\" height=\"400\" src=\"https:\/\/www.valo24h.fi\/wp-content\/uploads\/sites\/2\/2024\/08\/Valo24h-taateli-kaakao-valipala-261x400.png\" class=\"attachment-medium size-medium\" alt=\"Valo24h taateli-kaakao v\u00e4lipala\" title=\"Valo24h taateli-kaakao v\u00e4lipala\" srcset=\"https:\/\/www.valo24h.fi\/wp-content\/uploads\/sites\/2\/2024\/08\/Valo24h-taateli-kaakao-valipala-261x400.png 261w, https:\/\/www.valo24h.fi\/wp-content\/uploads\/sites\/2\/2024\/08\/Valo24h-taateli-kaakao-valipala-457x700.png 457w, https:\/\/www.valo24h.fi\/wp-content\/uploads\/sites\/2\/2024\/08\/Valo24h-taateli-kaakao-valipala-768x1176.png 768w, https:\/\/www.valo24h.fi\/wp-content\/uploads\/sites\/2\/2024\/08\/Valo24h-taateli-kaakao-valipala-653x1000.png 653w, https:\/\/www.valo24h.fi\/wp-content\/uploads\/sites\/2\/2024\/08\/Valo24h-taateli-kaakao-valipala-523x800.png 523w, https:\/\/www.valo24h.fi\/wp-content\/uploads\/sites\/2\/2024\/08\/Valo24h-taateli-kaakao-valipala.png 972w\" sizes=\"auto, (max-width: 261px) 100vw, 261px\" \/>                                        <h3>Valo24h dadel-kakao mellanm\u00e5l<\/h3>\n                <\/a>\n            <\/div>    \n      <\/div>\n    \n<p>&nbsp;<\/p>\n<h2>Rostat linfr\u00f6 \u00e4r finsk superfood<\/h2>\n<p>I produktfamiljen hos Valo24h v\u00e4xer alla r\u00e5varor i den rena, finska naturen. V\u00e4xts\u00e4songen \u00e4r kort men Finlands ljusa sommarn\u00e4tter g\u00f6r att linet och b\u00e4ren \u00e4r n\u00e4ringsrikare \u00e4n n\u00e5gon annanstans p\u00e5 jorden. De speciella f\u00f6rh\u00e5llandena, den innovativa produktutvecklingen, tekniken och de egna kontraktsodlarna garanterar Valo24h:s produktfamiljs fantastiska, n\u00e4ringsrika och\u00a0 kvalitativa egenskaper. Tack vare de ljusa sommarn\u00e4tterna s\u00e5 har finsk lin 10 &#8211; 15 % mer omega-3 och d\u00e4rifr\u00e5n kommer ocks\u00e5 produktfamiljens namn: Valo24h.<\/p>\n<p>Vi vill anv\u00e4nda linets hela fr\u00f6 och naturligtvis ocks\u00e5 fr\u00f6ets nyttiga olja, som man inte tidigare kunna utnyttja till fullo. Tidigare fanns det inte metoder f\u00f6r att utvinna linets flerom\u00e4ttade fettsyror och metoder f\u00f6r att f\u00e5 dem att f\u00f6rvaras efter att fr\u00f6et har krossats.<\/p>\n<p>D\u00e4rf\u00f6r har vi utvecklat en k\u00e4nslig rostningsmetod som hj\u00e4lper till att linets mikrobiologiska kvalitet f\u00f6rb\u00e4ttras, f\u00f6rvaringstiden f\u00f6rdubblas och linet f\u00e5r en god smak av n\u00f6t. Rostningen \u00e4r k\u00e4nslig och kan f\u00f6rvara alla linets nyttiga n\u00e4rings\u00e4mnen. Bland annat omega-3, omega-6 och magnesium.<\/p>\n<p>Valo24h:s\u00a0 produkter \u00e4r l\u00e4tta att anv\u00e4nda. Produktserien passar till youghurt, fil, gr\u00f6t och till olika sallader. Endast en matsked r\u00e4cker f\u00f6r att f\u00e5 ditt dagliga behov av omega-3. Dessutom f\u00e5r du tillr\u00e4ckligt med fibrer, antioxidanter och linets fantastiska v\u00e4xtprotein. Du kan ocks\u00e5 anv\u00e4nda produkten i dina egna recept.<\/p>\n<p>Alla Valo24h:s produkter \u00e4r glutenfria och tillverkade i fabrik d\u00e4r man endast behandlar glutenfria produkter och r\u00e5varor.<br \/>\nSe v\u00e5ra <a href=\"https:\/\/www.valo24h.fi\/sv\/aterforsaljare\/\">f\u00f6rs\u00e4ljningsplatser<\/a><\/p>\n","protected":false},"excerpt":{"rendered":"<p>Mellanm\u00e5l &nbsp; Rostat linfr\u00f6 \u00e4r finsk superfood I produktfamiljen hos Valo24h v\u00e4xer alla r\u00e5varor i den rena, finska naturen. V\u00e4xts\u00e4songen \u00e4r kort men Finlands ljusa sommarn\u00e4tter g\u00f6r att linet och b\u00e4ren \u00e4r n\u00e4ringsrikare \u00e4n n\u00e5gon annanstans p\u00e5 jorden. De speciella f\u00f6rh\u00e5llandena, den innovativa produktutvecklingen, tekniken och de egna kontraktsodlarna garanterar Valo24h:s produktfamiljs fantastiska, n\u00e4ringsrika och\u00a0 [&hellip;]<\/p>\n","protected":false},"author":1,"featured_media":626,"parent":0,"menu_order":0,"comment_status":"closed","ping_status":"closed","template":"","meta":{"_acf_changed":false,"footnotes":""},"class_list":["post-706","page","type-page","status-publish","has-post-thumbnail","hentry"],"acf":[],"yoast_head":"<!-- This site is optimized with the Yoast SEO plugin v27.4 - https:\/\/yoast.com\/product\/yoast-seo-wordpress\/ -->\n<title>Rostat krossat linfr\u00f6 - Valo24h<\/title>\n<meta name=\"description\" content=\"I produktfamiljen hos Valo24h v\u00e4xer linet i den rena, finska naturen. V\u00e4xts\u00e4songen \u00e4r kort men Finlands ljusa sommarn\u00e4tter g\u00f6r att linet.\" \/>\n<meta name=\"robots\" content=\"index, follow, max-snippet:-1, max-image-preview:large, max-video-preview:-1\" \/>\n<link rel=\"canonical\" href=\"https:\/\/www.valo24h.fi\/sv\/valo24h-rostat-krossat-linfro-produkter\/\" \/>\n<meta property=\"og:locale\" content=\"sv_SE\" \/>\n<meta property=\"og:type\" content=\"article\" \/>\n<meta property=\"og:title\" content=\"Rostat krossat linfr\u00f6 - Valo24h\" \/>\n<meta property=\"og:description\" content=\"I produktfamiljen hos Valo24h v\u00e4xer linet i den rena, finska naturen. V\u00e4xts\u00e4songen \u00e4r kort men Finlands ljusa sommarn\u00e4tter g\u00f6r att linet.\" \/>\n<meta property=\"og:url\" content=\"https:\/\/www.valo24h.fi\/sv\/valo24h-rostat-krossat-linfro-produkter\/\" \/>\n<meta property=\"og:site_name\" content=\"Valo24h\" \/>\n<meta property=\"article:publisher\" content=\"https:\/\/www.facebook.com\/valo24h\" \/>\n<meta property=\"article:modified_time\" content=\"2025-11-24T08:21:00+00:00\" \/>\n<meta property=\"og:image\" content=\"https:\/\/www.valo24h.fi\/wp-content\/uploads\/sites\/2\/2017\/02\/Valo24h-p\u00f6yt\u00e4kuva.jpg\" \/>\n\t<meta property=\"og:image:width\" content=\"1600\" \/>\n\t<meta property=\"og:image:height\" content=\"650\" \/>\n\t<meta property=\"og:image:type\" content=\"image\/jpeg\" \/>\n<meta name=\"twitter:card\" content=\"summary_large_image\" \/>\n<meta name=\"twitter:site\" content=\"@valo24h_linseed\" \/>\n<meta name=\"twitter:label1\" content=\"Ber\u00e4knad l\u00e4stid\" \/>\n\t<meta name=\"twitter:data1\" content=\"2 minuter\" \/>\n<script type=\"application\/ld+json\" class=\"yoast-schema-graph\">{\"@context\":\"https:\\\/\\\/schema.org\",\"@graph\":[{\"@type\":\"WebPage\",\"@id\":\"https:\\\/\\\/www.valo24h.fi\\\/sv\\\/valo24h-rostat-krossat-linfro-produkter\\\/\",\"url\":\"https:\\\/\\\/www.valo24h.fi\\\/sv\\\/valo24h-rostat-krossat-linfro-produkter\\\/\",\"name\":\"Rostat krossat linfr\u00f6 - Valo24h\",\"isPartOf\":{\"@id\":\"https:\\\/\\\/www.valo24h.fi\\\/#website\"},\"primaryImageOfPage\":{\"@id\":\"https:\\\/\\\/www.valo24h.fi\\\/sv\\\/valo24h-rostat-krossat-linfro-produkter\\\/#primaryimage\"},\"image\":{\"@id\":\"https:\\\/\\\/www.valo24h.fi\\\/sv\\\/valo24h-rostat-krossat-linfro-produkter\\\/#primaryimage\"},\"thumbnailUrl\":\"https:\\\/\\\/www.valo24h.fi\\\/wp-content\\\/uploads\\\/sites\\\/2\\\/2017\\\/02\\\/Valo24h-p\u00f6yt\u00e4kuva.jpg\",\"datePublished\":\"2017-01-18T10:25:02+00:00\",\"dateModified\":\"2025-11-24T08:21:00+00:00\",\"description\":\"I produktfamiljen hos Valo24h v\u00e4xer linet i den rena, finska naturen. V\u00e4xts\u00e4songen \u00e4r kort men Finlands ljusa sommarn\u00e4tter g\u00f6r att linet.\",\"breadcrumb\":{\"@id\":\"https:\\\/\\\/www.valo24h.fi\\\/sv\\\/valo24h-rostat-krossat-linfro-produkter\\\/#breadcrumb\"},\"inLanguage\":\"sv-SE\",\"potentialAction\":[{\"@type\":\"ReadAction\",\"target\":[\"https:\\\/\\\/www.valo24h.fi\\\/sv\\\/valo24h-rostat-krossat-linfro-produkter\\\/\"]}]},{\"@type\":\"ImageObject\",\"inLanguage\":\"sv-SE\",\"@id\":\"https:\\\/\\\/www.valo24h.fi\\\/sv\\\/valo24h-rostat-krossat-linfro-produkter\\\/#primaryimage\",\"url\":\"https:\\\/\\\/www.valo24h.fi\\\/wp-content\\\/uploads\\\/sites\\\/2\\\/2017\\\/02\\\/Valo24h-p\u00f6yt\u00e4kuva.jpg\",\"contentUrl\":\"https:\\\/\\\/www.valo24h.fi\\\/wp-content\\\/uploads\\\/sites\\\/2\\\/2017\\\/02\\\/Valo24h-p\u00f6yt\u00e4kuva.jpg\",\"width\":1600,\"height\":650,\"caption\":\"Pellavarouhe sopii\"},{\"@type\":\"BreadcrumbList\",\"@id\":\"https:\\\/\\\/www.valo24h.fi\\\/sv\\\/valo24h-rostat-krossat-linfro-produkter\\\/#breadcrumb\",\"itemListElement\":[{\"@type\":\"ListItem\",\"position\":1,\"name\":\"Home\",\"item\":\"https:\\\/\\\/www.valo24h.fi\\\/sv\\\/\"},{\"@type\":\"ListItem\",\"position\":2,\"name\":\"Rostat krossat linfr\u00f6\"}]},{\"@type\":\"WebSite\",\"@id\":\"https:\\\/\\\/www.valo24h.fi\\\/#website\",\"url\":\"https:\\\/\\\/www.valo24h.fi\\\/\",\"name\":\"Valo24h\",\"description\":\"\",\"publisher\":{\"@id\":\"https:\\\/\\\/www.valo24h.fi\\\/#organization\"},\"potentialAction\":[{\"@type\":\"SearchAction\",\"target\":{\"@type\":\"EntryPoint\",\"urlTemplate\":\"https:\\\/\\\/www.valo24h.fi\\\/?s={search_term_string}\"},\"query-input\":{\"@type\":\"PropertyValueSpecification\",\"valueRequired\":true,\"valueName\":\"search_term_string\"}}],\"inLanguage\":\"sv-SE\"},{\"@type\":\"Organization\",\"@id\":\"https:\\\/\\\/www.valo24h.fi\\\/#organization\",\"name\":\"Valo24h\",\"url\":\"https:\\\/\\\/www.valo24h.fi\\\/\",\"logo\":{\"@type\":\"ImageObject\",\"inLanguage\":\"sv-SE\",\"@id\":\"https:\\\/\\\/www.valo24h.fi\\\/#\\\/schema\\\/logo\\\/image\\\/\",\"url\":\"https:\\\/\\\/www.valo24h.fi\\\/wp-content\\\/uploads\\\/sites\\\/2\\\/2025\\\/06\\\/Valo24h-tuotteet-kadet.jpg\",\"contentUrl\":\"https:\\\/\\\/www.valo24h.fi\\\/wp-content\\\/uploads\\\/sites\\\/2\\\/2025\\\/06\\\/Valo24h-tuotteet-kadet.jpg\",\"width\":1600,\"height\":650,\"caption\":\"Valo24h\"},\"image\":{\"@id\":\"https:\\\/\\\/www.valo24h.fi\\\/#\\\/schema\\\/logo\\\/image\\\/\"},\"sameAs\":[\"https:\\\/\\\/www.facebook.com\\\/valo24h\",\"https:\\\/\\\/x.com\\\/valo24h_linseed\",\"https:\\\/\\\/www.instagram.com\\\/Valo24h\\\/\"]}]}<\/script>\n<!-- \/ Yoast SEO plugin. -->","yoast_head_json":{"title":"Rostat krossat linfr\u00f6 - Valo24h","description":"I produktfamiljen hos Valo24h v\u00e4xer linet i den rena, finska naturen. V\u00e4xts\u00e4songen \u00e4r kort men Finlands ljusa sommarn\u00e4tter g\u00f6r att linet.","robots":{"index":"index","follow":"follow","max-snippet":"max-snippet:-1","max-image-preview":"max-image-preview:large","max-video-preview":"max-video-preview:-1"},"canonical":"https:\/\/www.valo24h.fi\/sv\/valo24h-rostat-krossat-linfro-produkter\/","og_locale":"sv_SE","og_type":"article","og_title":"Rostat krossat linfr\u00f6 - Valo24h","og_description":"I produktfamiljen hos Valo24h v\u00e4xer linet i den rena, finska naturen. V\u00e4xts\u00e4songen \u00e4r kort men Finlands ljusa sommarn\u00e4tter g\u00f6r att linet.","og_url":"https:\/\/www.valo24h.fi\/sv\/valo24h-rostat-krossat-linfro-produkter\/","og_site_name":"Valo24h","article_publisher":"https:\/\/www.facebook.com\/valo24h","article_modified_time":"2025-11-24T08:21:00+00:00","og_image":[{"width":1600,"height":650,"url":"https:\/\/www.valo24h.fi\/wp-content\/uploads\/sites\/2\/2017\/02\/Valo24h-p\u00f6yt\u00e4kuva.jpg","type":"image\/jpeg"}],"twitter_card":"summary_large_image","twitter_site":"@valo24h_linseed","twitter_misc":{"Ber\u00e4knad l\u00e4stid":"2 minuter"},"schema":{"@context":"https:\/\/schema.org","@graph":[{"@type":"WebPage","@id":"https:\/\/www.valo24h.fi\/sv\/valo24h-rostat-krossat-linfro-produkter\/","url":"https:\/\/www.valo24h.fi\/sv\/valo24h-rostat-krossat-linfro-produkter\/","name":"Rostat krossat linfr\u00f6 - Valo24h","isPartOf":{"@id":"https:\/\/www.valo24h.fi\/#website"},"primaryImageOfPage":{"@id":"https:\/\/www.valo24h.fi\/sv\/valo24h-rostat-krossat-linfro-produkter\/#primaryimage"},"image":{"@id":"https:\/\/www.valo24h.fi\/sv\/valo24h-rostat-krossat-linfro-produkter\/#primaryimage"},"thumbnailUrl":"https:\/\/www.valo24h.fi\/wp-content\/uploads\/sites\/2\/2017\/02\/Valo24h-p\u00f6yt\u00e4kuva.jpg","datePublished":"2017-01-18T10:25:02+00:00","dateModified":"2025-11-24T08:21:00+00:00","description":"I produktfamiljen hos Valo24h v\u00e4xer linet i den rena, finska naturen. V\u00e4xts\u00e4songen \u00e4r kort men Finlands ljusa sommarn\u00e4tter g\u00f6r att linet.","breadcrumb":{"@id":"https:\/\/www.valo24h.fi\/sv\/valo24h-rostat-krossat-linfro-produkter\/#breadcrumb"},"inLanguage":"sv-SE","potentialAction":[{"@type":"ReadAction","target":["https:\/\/www.valo24h.fi\/sv\/valo24h-rostat-krossat-linfro-produkter\/"]}]},{"@type":"ImageObject","inLanguage":"sv-SE","@id":"https:\/\/www.valo24h.fi\/sv\/valo24h-rostat-krossat-linfro-produkter\/#primaryimage","url":"https:\/\/www.valo24h.fi\/wp-content\/uploads\/sites\/2\/2017\/02\/Valo24h-p\u00f6yt\u00e4kuva.jpg","contentUrl":"https:\/\/www.valo24h.fi\/wp-content\/uploads\/sites\/2\/2017\/02\/Valo24h-p\u00f6yt\u00e4kuva.jpg","width":1600,"height":650,"caption":"Pellavarouhe sopii"},{"@type":"BreadcrumbList","@id":"https:\/\/www.valo24h.fi\/sv\/valo24h-rostat-krossat-linfro-produkter\/#breadcrumb","itemListElement":[{"@type":"ListItem","position":1,"name":"Home","item":"https:\/\/www.valo24h.fi\/sv\/"},{"@type":"ListItem","position":2,"name":"Rostat krossat linfr\u00f6"}]},{"@type":"WebSite","@id":"https:\/\/www.valo24h.fi\/#website","url":"https:\/\/www.valo24h.fi\/","name":"Valo24h","description":"","publisher":{"@id":"https:\/\/www.valo24h.fi\/#organization"},"potentialAction":[{"@type":"SearchAction","target":{"@type":"EntryPoint","urlTemplate":"https:\/\/www.valo24h.fi\/?s={search_term_string}"},"query-input":{"@type":"PropertyValueSpecification","valueRequired":true,"valueName":"search_term_string"}}],"inLanguage":"sv-SE"},{"@type":"Organization","@id":"https:\/\/www.valo24h.fi\/#organization","name":"Valo24h","url":"https:\/\/www.valo24h.fi\/","logo":{"@type":"ImageObject","inLanguage":"sv-SE","@id":"https:\/\/www.valo24h.fi\/#\/schema\/logo\/image\/","url":"https:\/\/www.valo24h.fi\/wp-content\/uploads\/sites\/2\/2025\/06\/Valo24h-tuotteet-kadet.jpg","contentUrl":"https:\/\/www.valo24h.fi\/wp-content\/uploads\/sites\/2\/2025\/06\/Valo24h-tuotteet-kadet.jpg","width":1600,"height":650,"caption":"Valo24h"},"image":{"@id":"https:\/\/www.valo24h.fi\/#\/schema\/logo\/image\/"},"sameAs":["https:\/\/www.facebook.com\/valo24h","https:\/\/x.com\/valo24h_linseed","https:\/\/www.instagram.com\/Valo24h\/"]}]}},"_links":{"self":[{"href":"https:\/\/www.valo24h.fi\/sv\/wp-json\/wp\/v2\/pages\/706","targetHints":{"allow":["GET"]}}],"collection":[{"href":"https:\/\/www.valo24h.fi\/sv\/wp-json\/wp\/v2\/pages"}],"about":[{"href":"https:\/\/www.valo24h.fi\/sv\/wp-json\/wp\/v2\/types\/page"}],"author":[{"embeddable":true,"href":"https:\/\/www.valo24h.fi\/sv\/wp-json\/wp\/v2\/users\/1"}],"replies":[{"embeddable":true,"href":"https:\/\/www.valo24h.fi\/sv\/wp-json\/wp\/v2\/comments?post=706"}],"version-history":[{"count":10,"href":"https:\/\/www.valo24h.fi\/sv\/wp-json\/wp\/v2\/pages\/706\/revisions"}],"predecessor-version":[{"id":1729,"href":"https:\/\/www.valo24h.fi\/sv\/wp-json\/wp\/v2\/pages\/706\/revisions\/1729"}],"wp:featuredmedia":[{"embeddable":true,"href":"https:\/\/www.valo24h.fi\/sv\/wp-json\/wp\/v2\/media\/626"}],"wp:attachment":[{"href":"https:\/\/www.valo24h.fi\/sv\/wp-json\/wp\/v2\/media?parent=706"}],"curies":[{"name":"wp","href":"https:\/\/api.w.org\/{rel}","templated":true}]}}