{"id":718,"date":"2017-01-23T19:04:37","date_gmt":"2017-01-23T17:04:37","guid":{"rendered":"https:\/\/www.valo24h.fi\/yhteystiedot\/"},"modified":"2025-11-17T10:27:24","modified_gmt":"2025-11-17T08:27:24","slug":"tillverkare","status":"publish","type":"page","link":"https:\/\/www.valo24h.fi\/sv\/tillverkare\/","title":{"rendered":"Tillverkare"},"content":{"rendered":"<p>&nbsp;<\/p>\n<p style=\"text-align: center\"><a href=\"https:\/\/linseed.fi\" target=\"_blank\" rel=\"noopener\"><img loading=\"lazy\" decoding=\"async\" src=\"https:\/\/www.valo24h.fi\/wp-content\/uploads\/sites\/2\/2017\/01\/linseedlogo.png\" alt=\"\" width=\"246\" height=\"56\" class=\"wp-image-353 size-full alignnone\" \/><\/a><\/p>\n<p>&nbsp;<\/p>\n<div class=\"row\">\n<div class=\"medium-6 columns\">\n<h3>Linseed Oy<\/h3>\n<p>Tillverkare av Valo24h-produkter \u00e4r Linseed Oy, en m\u00e5ng\u00e5rig livsmedelsoperat\u00f6r i Kauhajoki. F\u00f6retaget grundades \u00e5r 1999 och fr\u00e5n b\u00f6rjan har det varit tydligt att den huvudsakliga r\u00e5varan \u00e4r lin.<\/p>\n<p>Lin som v\u00e4xt trivs i Finlands kalla och karga v\u00e4xtmilj\u00f6. Produktlinjen Valo24h har faktiskt f\u00e5tt sitt namn fr\u00e5n v\u00e4xts\u00e4songen den nattl\u00f6sa sommarnatten, n\u00e4r plantan f\u00e5r ljus dygnet runt, det \u00e4r detta som lin njuter av och det \u00e4r d\u00e4rf\u00f6r linproduktlinjen heter: Valo24h.<\/p>\n<p>Har du n\u00e5gonsin sett Finland en sommarnatt d\u00e4r naturen vaknar p\u00e5 morgonen? Det \u00e4r ett vackert \u00f6gonblick och det h\u00e4r \u00f6gonblicket \u00e4r packat f\u00f6r dig som en Valo24h-produkt i en p\u00e5se!<\/p>\n<p>B\u00f6rja din morgon med den milda, fibr\u00f6sa Valo24h rostade krossade lin p\u00e5 din morgongr\u00f6t, yoghurt eller smoothie! K\u00e4nna sig energiska under dagen! Namnet p\u00e5 v\u00e5r speciell bakprodukt \u00e4r Lumina fr\u00f6kn\u00e4cke bakmix.<\/p>\n<h3>F\u00f6r f\u00f6retagar<\/h3>\n<p>Med produktlinjen FlaxseedFields betj\u00e4nar vi f\u00f6retagskunder. Vi s\u00e4ljer lin till livsmedelsf\u00f6retagare. F\u00f6r mer information om FlaxseedFields produktsortiment, bes\u00f6k en separat f\u00f6retagssida: <a href=\"https:\/\/www.linseed.fi\">www.linseed.fi<\/a><\/p>\n<p>Kontakta oss<\/p>\n<p>Oy Linseed Protein Finland Ltd<br \/>\nPellavakuja 3, 65180 Kauhajoki<\/p>\n<p>info(at)linseed.fi<br \/>\nTel. +358 (0)40 7758 918<\/p>\n<p>&nbsp;<\/p>\n<\/div>\n<div class=\"medium-6 columns\">\n<p><img loading=\"lazy\" decoding=\"async\" src=\"https:\/\/www.valo24h.fi\/wp-content\/uploads\/sites\/2\/2022\/06\/Valo24h-pellava-peltokuva-kukkiva-pellavarouhe2.jpg\" alt=\"\" width=\"600\" height=\"727\" class=\"alignnone size-full wp-image-1291\" srcset=\"https:\/\/www.valo24h.fi\/wp-content\/uploads\/sites\/2\/2022\/06\/Valo24h-pellava-peltokuva-kukkiva-pellavarouhe2.jpg 600w, https:\/\/www.valo24h.fi\/wp-content\/uploads\/sites\/2\/2022\/06\/Valo24h-pellava-peltokuva-kukkiva-pellavarouhe2-330x400.jpg 330w, https:\/\/www.valo24h.fi\/wp-content\/uploads\/sites\/2\/2022\/06\/Valo24h-pellava-peltokuva-kukkiva-pellavarouhe2-578x700.jpg 578w\" sizes=\"auto, (max-width: 600px) 100vw, 600px\" \/><\/p>\n<p><a href=\"https:\/\/linseed.fi\" target=\"_blank\" rel=\"noopener\"><\/a><\/p>\n<\/div>\n<\/div>\n<p>&nbsp;<\/p>\n<p>&nbsp;<\/p>\n<p><a href=\"https:\/\/linseed.fi\" target=\"_blank\" rel=\"noopener\"><\/a><\/p>\n","protected":false},"excerpt":{"rendered":"<p>&nbsp; &nbsp; Linseed Oy Tillverkare av Valo24h-produkter \u00e4r Linseed Oy, en m\u00e5ng\u00e5rig livsmedelsoperat\u00f6r i Kauhajoki. F\u00f6retaget grundades \u00e5r 1999 och fr\u00e5n b\u00f6rjan har det varit tydligt att den huvudsakliga r\u00e5varan \u00e4r lin. Lin som v\u00e4xt trivs i Finlands kalla och karga v\u00e4xtmilj\u00f6. Produktlinjen Valo24h har faktiskt f\u00e5tt sitt namn fr\u00e5n v\u00e4xts\u00e4songen den nattl\u00f6sa sommarnatten, n\u00e4r [&hellip;]<\/p>\n","protected":false},"author":1,"featured_media":1292,"parent":0,"menu_order":0,"comment_status":"closed","ping_status":"closed","template":"","meta":{"_acf_changed":false,"footnotes":""},"class_list":["post-718","page","type-page","status-publish","has-post-thumbnail","hentry"],"acf":[],"yoast_head":"<!-- This site is optimized with the Yoast SEO plugin v27.4 - https:\/\/yoast.com\/product\/yoast-seo-wordpress\/ -->\n<title>Tillverkare - Valo24h<\/title>\n<meta name=\"description\" content=\"Tillverkare av Valo24h-produkter \u00e4r Linseed Oy, en m\u00e5ng\u00e5rig livsmedelsoperat\u00f6r i Kauhajoki. Spezialit\u00e4ten \u00e4r rostning.\" \/>\n<meta name=\"robots\" content=\"index, follow, max-snippet:-1, max-image-preview:large, max-video-preview:-1\" \/>\n<link rel=\"canonical\" href=\"https:\/\/www.valo24h.fi\/sv\/tillverkare\/\" \/>\n<meta property=\"og:locale\" content=\"sv_SE\" \/>\n<meta property=\"og:type\" content=\"article\" \/>\n<meta property=\"og:title\" content=\"Tillverkare - Valo24h\" \/>\n<meta property=\"og:description\" content=\"Tillverkare av Valo24h-produkter \u00e4r Linseed Oy, en m\u00e5ng\u00e5rig livsmedelsoperat\u00f6r i Kauhajoki. Spezialit\u00e4ten \u00e4r rostning.\" \/>\n<meta property=\"og:url\" content=\"https:\/\/www.valo24h.fi\/sv\/tillverkare\/\" \/>\n<meta property=\"og:site_name\" content=\"Valo24h\" \/>\n<meta property=\"article:publisher\" content=\"https:\/\/www.facebook.com\/valo24h\" \/>\n<meta property=\"article:modified_time\" content=\"2025-11-17T08:27:24+00:00\" \/>\n<meta property=\"og:image\" content=\"https:\/\/www.valo24h.fi\/wp-content\/uploads\/sites\/2\/2022\/06\/tehdas_nayttotaulu2.jpg\" \/>\n\t<meta property=\"og:image:width\" content=\"1280\" \/>\n\t<meta property=\"og:image:height\" content=\"820\" \/>\n\t<meta property=\"og:image:type\" content=\"image\/jpeg\" \/>\n<meta name=\"twitter:card\" content=\"summary_large_image\" \/>\n<meta name=\"twitter:site\" content=\"@valo24h_linseed\" \/>\n<meta name=\"twitter:label1\" content=\"Ber\u00e4knad l\u00e4stid\" \/>\n\t<meta name=\"twitter:data1\" content=\"2 minuter\" \/>\n<script type=\"application\/ld+json\" class=\"yoast-schema-graph\">{\"@context\":\"https:\\\/\\\/schema.org\",\"@graph\":[{\"@type\":\"WebPage\",\"@id\":\"https:\\\/\\\/www.valo24h.fi\\\/sv\\\/tillverkare\\\/\",\"url\":\"https:\\\/\\\/www.valo24h.fi\\\/sv\\\/tillverkare\\\/\",\"name\":\"Tillverkare - Valo24h\",\"isPartOf\":{\"@id\":\"https:\\\/\\\/www.valo24h.fi\\\/#website\"},\"primaryImageOfPage\":{\"@id\":\"https:\\\/\\\/www.valo24h.fi\\\/sv\\\/tillverkare\\\/#primaryimage\"},\"image\":{\"@id\":\"https:\\\/\\\/www.valo24h.fi\\\/sv\\\/tillverkare\\\/#primaryimage\"},\"thumbnailUrl\":\"https:\\\/\\\/www.valo24h.fi\\\/wp-content\\\/uploads\\\/sites\\\/2\\\/2022\\\/06\\\/tehdas_nayttotaulu2.jpg\",\"datePublished\":\"2017-01-23T17:04:37+00:00\",\"dateModified\":\"2025-11-17T08:27:24+00:00\",\"description\":\"Tillverkare av Valo24h-produkter \u00e4r Linseed Oy, en m\u00e5ng\u00e5rig livsmedelsoperat\u00f6r i Kauhajoki. Spezialit\u00e4ten \u00e4r rostning.\",\"breadcrumb\":{\"@id\":\"https:\\\/\\\/www.valo24h.fi\\\/sv\\\/tillverkare\\\/#breadcrumb\"},\"inLanguage\":\"sv-SE\",\"potentialAction\":[{\"@type\":\"ReadAction\",\"target\":[\"https:\\\/\\\/www.valo24h.fi\\\/sv\\\/tillverkare\\\/\"]}]},{\"@type\":\"ImageObject\",\"inLanguage\":\"sv-SE\",\"@id\":\"https:\\\/\\\/www.valo24h.fi\\\/sv\\\/tillverkare\\\/#primaryimage\",\"url\":\"https:\\\/\\\/www.valo24h.fi\\\/wp-content\\\/uploads\\\/sites\\\/2\\\/2022\\\/06\\\/tehdas_nayttotaulu2.jpg\",\"contentUrl\":\"https:\\\/\\\/www.valo24h.fi\\\/wp-content\\\/uploads\\\/sites\\\/2\\\/2022\\\/06\\\/tehdas_nayttotaulu2.jpg\",\"width\":1280,\"height\":820,\"caption\":\"Valo24h paahdettu pellava pellavarouhe tuotanto\"},{\"@type\":\"BreadcrumbList\",\"@id\":\"https:\\\/\\\/www.valo24h.fi\\\/sv\\\/tillverkare\\\/#breadcrumb\",\"itemListElement\":[{\"@type\":\"ListItem\",\"position\":1,\"name\":\"Home\",\"item\":\"https:\\\/\\\/www.valo24h.fi\\\/sv\\\/\"},{\"@type\":\"ListItem\",\"position\":2,\"name\":\"Tillverkare\"}]},{\"@type\":\"WebSite\",\"@id\":\"https:\\\/\\\/www.valo24h.fi\\\/#website\",\"url\":\"https:\\\/\\\/www.valo24h.fi\\\/\",\"name\":\"Valo24h\",\"description\":\"\",\"publisher\":{\"@id\":\"https:\\\/\\\/www.valo24h.fi\\\/#organization\"},\"potentialAction\":[{\"@type\":\"SearchAction\",\"target\":{\"@type\":\"EntryPoint\",\"urlTemplate\":\"https:\\\/\\\/www.valo24h.fi\\\/?s={search_term_string}\"},\"query-input\":{\"@type\":\"PropertyValueSpecification\",\"valueRequired\":true,\"valueName\":\"search_term_string\"}}],\"inLanguage\":\"sv-SE\"},{\"@type\":\"Organization\",\"@id\":\"https:\\\/\\\/www.valo24h.fi\\\/#organization\",\"name\":\"Valo24h\",\"url\":\"https:\\\/\\\/www.valo24h.fi\\\/\",\"logo\":{\"@type\":\"ImageObject\",\"inLanguage\":\"sv-SE\",\"@id\":\"https:\\\/\\\/www.valo24h.fi\\\/#\\\/schema\\\/logo\\\/image\\\/\",\"url\":\"https:\\\/\\\/www.valo24h.fi\\\/wp-content\\\/uploads\\\/sites\\\/2\\\/2025\\\/06\\\/Valo24h-tuotteet-kadet.jpg\",\"contentUrl\":\"https:\\\/\\\/www.valo24h.fi\\\/wp-content\\\/uploads\\\/sites\\\/2\\\/2025\\\/06\\\/Valo24h-tuotteet-kadet.jpg\",\"width\":1600,\"height\":650,\"caption\":\"Valo24h\"},\"image\":{\"@id\":\"https:\\\/\\\/www.valo24h.fi\\\/#\\\/schema\\\/logo\\\/image\\\/\"},\"sameAs\":[\"https:\\\/\\\/www.facebook.com\\\/valo24h\",\"https:\\\/\\\/x.com\\\/valo24h_linseed\",\"https:\\\/\\\/www.instagram.com\\\/Valo24h\\\/\"]}]}<\/script>\n<!-- \/ Yoast SEO plugin. -->","yoast_head_json":{"title":"Tillverkare - Valo24h","description":"Tillverkare av Valo24h-produkter \u00e4r Linseed Oy, en m\u00e5ng\u00e5rig livsmedelsoperat\u00f6r i Kauhajoki. Spezialit\u00e4ten \u00e4r rostning.","robots":{"index":"index","follow":"follow","max-snippet":"max-snippet:-1","max-image-preview":"max-image-preview:large","max-video-preview":"max-video-preview:-1"},"canonical":"https:\/\/www.valo24h.fi\/sv\/tillverkare\/","og_locale":"sv_SE","og_type":"article","og_title":"Tillverkare - Valo24h","og_description":"Tillverkare av Valo24h-produkter \u00e4r Linseed Oy, en m\u00e5ng\u00e5rig livsmedelsoperat\u00f6r i Kauhajoki. Spezialit\u00e4ten \u00e4r rostning.","og_url":"https:\/\/www.valo24h.fi\/sv\/tillverkare\/","og_site_name":"Valo24h","article_publisher":"https:\/\/www.facebook.com\/valo24h","article_modified_time":"2025-11-17T08:27:24+00:00","og_image":[{"width":1280,"height":820,"url":"https:\/\/www.valo24h.fi\/wp-content\/uploads\/sites\/2\/2022\/06\/tehdas_nayttotaulu2.jpg","type":"image\/jpeg"}],"twitter_card":"summary_large_image","twitter_site":"@valo24h_linseed","twitter_misc":{"Ber\u00e4knad l\u00e4stid":"2 minuter"},"schema":{"@context":"https:\/\/schema.org","@graph":[{"@type":"WebPage","@id":"https:\/\/www.valo24h.fi\/sv\/tillverkare\/","url":"https:\/\/www.valo24h.fi\/sv\/tillverkare\/","name":"Tillverkare - Valo24h","isPartOf":{"@id":"https:\/\/www.valo24h.fi\/#website"},"primaryImageOfPage":{"@id":"https:\/\/www.valo24h.fi\/sv\/tillverkare\/#primaryimage"},"image":{"@id":"https:\/\/www.valo24h.fi\/sv\/tillverkare\/#primaryimage"},"thumbnailUrl":"https:\/\/www.valo24h.fi\/wp-content\/uploads\/sites\/2\/2022\/06\/tehdas_nayttotaulu2.jpg","datePublished":"2017-01-23T17:04:37+00:00","dateModified":"2025-11-17T08:27:24+00:00","description":"Tillverkare av Valo24h-produkter \u00e4r Linseed Oy, en m\u00e5ng\u00e5rig livsmedelsoperat\u00f6r i Kauhajoki. Spezialit\u00e4ten \u00e4r rostning.","breadcrumb":{"@id":"https:\/\/www.valo24h.fi\/sv\/tillverkare\/#breadcrumb"},"inLanguage":"sv-SE","potentialAction":[{"@type":"ReadAction","target":["https:\/\/www.valo24h.fi\/sv\/tillverkare\/"]}]},{"@type":"ImageObject","inLanguage":"sv-SE","@id":"https:\/\/www.valo24h.fi\/sv\/tillverkare\/#primaryimage","url":"https:\/\/www.valo24h.fi\/wp-content\/uploads\/sites\/2\/2022\/06\/tehdas_nayttotaulu2.jpg","contentUrl":"https:\/\/www.valo24h.fi\/wp-content\/uploads\/sites\/2\/2022\/06\/tehdas_nayttotaulu2.jpg","width":1280,"height":820,"caption":"Valo24h paahdettu pellava pellavarouhe tuotanto"},{"@type":"BreadcrumbList","@id":"https:\/\/www.valo24h.fi\/sv\/tillverkare\/#breadcrumb","itemListElement":[{"@type":"ListItem","position":1,"name":"Home","item":"https:\/\/www.valo24h.fi\/sv\/"},{"@type":"ListItem","position":2,"name":"Tillverkare"}]},{"@type":"WebSite","@id":"https:\/\/www.valo24h.fi\/#website","url":"https:\/\/www.valo24h.fi\/","name":"Valo24h","description":"","publisher":{"@id":"https:\/\/www.valo24h.fi\/#organization"},"potentialAction":[{"@type":"SearchAction","target":{"@type":"EntryPoint","urlTemplate":"https:\/\/www.valo24h.fi\/?s={search_term_string}"},"query-input":{"@type":"PropertyValueSpecification","valueRequired":true,"valueName":"search_term_string"}}],"inLanguage":"sv-SE"},{"@type":"Organization","@id":"https:\/\/www.valo24h.fi\/#organization","name":"Valo24h","url":"https:\/\/www.valo24h.fi\/","logo":{"@type":"ImageObject","inLanguage":"sv-SE","@id":"https:\/\/www.valo24h.fi\/#\/schema\/logo\/image\/","url":"https:\/\/www.valo24h.fi\/wp-content\/uploads\/sites\/2\/2025\/06\/Valo24h-tuotteet-kadet.jpg","contentUrl":"https:\/\/www.valo24h.fi\/wp-content\/uploads\/sites\/2\/2025\/06\/Valo24h-tuotteet-kadet.jpg","width":1600,"height":650,"caption":"Valo24h"},"image":{"@id":"https:\/\/www.valo24h.fi\/#\/schema\/logo\/image\/"},"sameAs":["https:\/\/www.facebook.com\/valo24h","https:\/\/x.com\/valo24h_linseed","https:\/\/www.instagram.com\/Valo24h\/"]}]}},"_links":{"self":[{"href":"https:\/\/www.valo24h.fi\/sv\/wp-json\/wp\/v2\/pages\/718","targetHints":{"allow":["GET"]}}],"collection":[{"href":"https:\/\/www.valo24h.fi\/sv\/wp-json\/wp\/v2\/pages"}],"about":[{"href":"https:\/\/www.valo24h.fi\/sv\/wp-json\/wp\/v2\/types\/page"}],"author":[{"embeddable":true,"href":"https:\/\/www.valo24h.fi\/sv\/wp-json\/wp\/v2\/users\/1"}],"replies":[{"embeddable":true,"href":"https:\/\/www.valo24h.fi\/sv\/wp-json\/wp\/v2\/comments?post=718"}],"version-history":[{"count":7,"href":"https:\/\/www.valo24h.fi\/sv\/wp-json\/wp\/v2\/pages\/718\/revisions"}],"predecessor-version":[{"id":1670,"href":"https:\/\/www.valo24h.fi\/sv\/wp-json\/wp\/v2\/pages\/718\/revisions\/1670"}],"wp:featuredmedia":[{"embeddable":true,"href":"https:\/\/www.valo24h.fi\/sv\/wp-json\/wp\/v2\/media\/1292"}],"wp:attachment":[{"href":"https:\/\/www.valo24h.fi\/sv\/wp-json\/wp\/v2\/media?parent=718"}],"curies":[{"name":"wp","href":"https:\/\/api.w.org\/{rel}","templated":true}]}}